{"id":23862,"date":"2026-03-04T07:31:23","date_gmt":"2026-03-04T07:31:23","guid":{"rendered":"https:\/\/golfhtelmontgriffon0374.live-website.com\/getting-to-mont-griffon\/"},"modified":"2026-04-21T10:30:44","modified_gmt":"2026-04-21T10:30:44","slug":"getting-to-mont-griffon","status":"publish","type":"page","link":"https:\/\/montgriffon.com\/en\/getting-to-mont-griffon\/","title":{"rendered":"Getting to Mont Griffon"},"content":{"rendered":"\t\t<div data-elementor-type=\"wp-page\" data-elementor-id=\"23862\" class=\"elementor elementor-23862 elementor-22794\" data-elementor-post-type=\"page\">\n\t\t\t\t<div class=\"elementor-element elementor-element-479c817a e-flex e-con-boxed wpr-particle-no wpr-jarallax-no wpr-parallax-no wpr-sticky-section-no wpr-equal-height-no e-con e-parent\" data-id=\"479c817a\" data-element_type=\"container\" data-e-type=\"container\" data-settings=\"{&quot;background_background&quot;:&quot;classic&quot;}\">\n\t\t\t\t\t<div class=\"e-con-inner\">\n\t\t<div class=\"elementor-element elementor-element-794db225 e-con-full e-flex wpr-particle-no wpr-jarallax-no wpr-parallax-no wpr-sticky-section-no wpr-equal-height-no e-con e-child\" data-id=\"794db225\" data-element_type=\"container\" data-e-type=\"container\">\n\t\t\t\t<div class=\"elementor-element elementor-element-6d0b504 elementor-widget elementor-widget-heading\" data-id=\"6d0b504\" data-element_type=\"widget\" data-e-type=\"widget\" data-widget_type=\"heading.default\">\n\t\t\t\t\t<h2 class=\"elementor-heading-title elementor-size-default\">Access map<\/h2>\t\t\t\t<\/div>\n\t\t\t\t<div class=\"elementor-element elementor-element-92329ef elementor-widget__width-initial elementor-widget elementor-widget-text-editor\" data-id=\"92329ef\" data-element_type=\"widget\" data-e-type=\"widget\" data-widget_type=\"text-editor.default\">\n\t\t\t\t\t\t\t\t\t<p>In the heart of the Ysieux Valley and the Oise Pays de France Regional Natural Park, the Golf H\u00f4tel de Mont Griffon is located 15 minutes from Roissy Airport and 30 minutes from Paris.<\/p><p>&#8211;<\/p><p>Access from Paris<\/p><p>A1 Motorway<\/p><p>N104 towards Cergy<\/p><p>On the N104, take the Luzarches exit, then follow the D922 towards Luzarches Mont Griffon<\/p><p>&#8211;<\/p><p>SNCF Train Access<\/p><p>Line H from Paris Gare du Nord<\/p><p>Area accessible with the Navigo Pass<\/p><p>Stop: Gare de Seugy<\/p><p>Pedestrian access 500m from the Golf Club<\/p><p>&#8211;<\/p><p>Golf H\u00f4tel de Mont Griffon \u2013 Restaurant des Lacs<\/p><p>Driving range and start of the 18-hole Les Lacs course<\/p><p>Route d\u00e9partementale 909<\/p><p>95270 Luzarches<\/p><p>&#8211;<\/p><p>H\u00f4tel de Mont Griffon<\/p><p>Start of the 9-hole La For\u00eat course<\/p><p>Rue de Rocquemont<\/p><p>95270 Luzarches<\/p>\t\t\t\t\t\t\t\t<\/div>\n\t\t\t\t<\/div>\n\t\t\t\t<div class=\"elementor-element elementor-element-432572aa elementor-widget__width-initial elementor-widget-tablet__width-inherit elementor-widget elementor-widget-google_maps\" data-id=\"432572aa\" data-element_type=\"widget\" data-e-type=\"widget\" data-widget_type=\"google_maps.default\">\n\t\t\t\t\t\t\t<div class=\"elementor-custom-embed\">\n\t\t\t<iframe loading=\"lazy\"\n\t\t\t\t\tsrc=\"https:\/\/maps.google.com\/maps?q=H%C3%B4tel%20de%20Mont%20Griffon%20&#038;t=m&#038;z=16&#038;output=embed&#038;iwloc=near\"\n\t\t\t\t\ttitle=\"H\u00f4tel de Mont Griffon \"\n\t\t\t\t\taria-label=\"H\u00f4tel de Mont Griffon \"\n\t\t\t><\/iframe>\n\t\t<\/div>\n\t\t\t\t\t\t<\/div>\n\t\t\t\t\t<\/div>\n\t\t\t\t<\/div>\n\t\t\t\t<\/div>\n\t\t","protected":false},"excerpt":{"rendered":"<p>Access map In the heart of the Ysieux Valley and the Oise Pays de France Regional Natural Park, the Golf H\u00f4tel de Mont Griffon is located 15 minutes from Roissy Airport and 30 minutes from Paris. &#8211; Access from Paris A1 Motorway N104 towards Cergy On the N104, take the Luzarches exit, then follow the D922 towards Luzarches Mont Griffon &#8211; SNCF Train Access Line H from Paris Gare du Nord Area accessible with the Navigo Pass Stop: Gare de Seugy Pedestrian access 500m from the Golf Club &#8211; Golf H\u00f4tel de Mont Griffon \u2013 Restaurant des Lacs Driving range and start of the 18-hole Les Lacs course Route d\u00e9partementale 909 95270 Luzarches &#8211; H\u00f4tel de Mont Griffon Start of the 9-hole La For\u00eat course Rue de Rocquemont 95270 Luzarches<\/p>\n","protected":false},"author":1,"featured_media":0,"parent":0,"menu_order":0,"comment_status":"closed","ping_status":"closed","template":"elementor_header_footer","meta":{"_monsterinsights_skip_tracking":false,"_monsterinsights_sitenote_active":false,"_monsterinsights_sitenote_note":"","_monsterinsights_sitenote_category":0,"footnotes":""},"class_list":["post-23862","page","type-page","status-publish","hentry"],"_links":{"self":[{"href":"https:\/\/montgriffon.com\/en\/wp-json\/wp\/v2\/pages\/23862","targetHints":{"allow":["GET"]}}],"collection":[{"href":"https:\/\/montgriffon.com\/en\/wp-json\/wp\/v2\/pages"}],"about":[{"href":"https:\/\/montgriffon.com\/en\/wp-json\/wp\/v2\/types\/page"}],"author":[{"embeddable":true,"href":"https:\/\/montgriffon.com\/en\/wp-json\/wp\/v2\/users\/1"}],"replies":[{"embeddable":true,"href":"https:\/\/montgriffon.com\/en\/wp-json\/wp\/v2\/comments?post=23862"}],"version-history":[{"count":0,"href":"https:\/\/montgriffon.com\/en\/wp-json\/wp\/v2\/pages\/23862\/revisions"}],"wp:attachment":[{"href":"https:\/\/montgriffon.com\/en\/wp-json\/wp\/v2\/media?parent=23862"}],"curies":[{"name":"wp","href":"https:\/\/api.w.org\/{rel}","templated":true}]}}